{"id":2045,"date":"2024-04-20T12:22:46","date_gmt":"2024-04-20T12:22:46","guid":{"rendered":"https:\/\/bigsweet.org\/hakkimizda\/"},"modified":"2024-06-10T11:52:15","modified_gmt":"2024-06-10T11:52:15","slug":"hakkimizda","status":"publish","type":"page","link":"https:\/\/bigsweet.org\/tr\/hakkimizda\/","title":{"rendered":"Hakk\u0131m\u0131zda"},"content":{"rendered":"\t\t<div data-elementor-type=\"wp-page\" data-elementor-id=\"2045\" class=\"elementor elementor-2045 elementor-24\" data-elementor-post-type=\"page\">\n\t\t\t\t<div class=\"elementor-element elementor-element-40780c0 e-con-full wd-section-stretch e-flex e-con e-parent\" data-id=\"40780c0\" data-element_type=\"container\" data-settings=\"{&quot;background_background&quot;:&quot;classic&quot;}\">\n\t\t<div class=\"elementor-element elementor-element-ee9dfb3 e-flex e-con-boxed e-con e-child\" data-id=\"ee9dfb3\" data-element_type=\"container\">\n\t\t\t\t\t<div class=\"e-con-inner\">\n\t\t<div class=\"elementor-element elementor-element-a667ca6 e-con-full e-flex e-con e-child\" data-id=\"a667ca6\" data-element_type=\"container\">\n\t\t\t\t<div class=\"elementor-element elementor-element-5cb2c60 elementor-align-left elementor-widget elementor-widget-breadcrumbs\" data-id=\"5cb2c60\" data-element_type=\"widget\" data-widget_type=\"breadcrumbs.default\">\n\t\t\t\t<div class=\"elementor-widget-container\">\n\t\t\t\t\t<nav aria-label=\"breadcrumbs\" class=\"rank-math-breadcrumb\"><p><span class=\"last\">Ana Sayfa<\/span><\/p><\/nav>\t\t\t\t<\/div>\n\t\t\t\t<\/div>\n\t\t\t\t<div class=\"elementor-element elementor-element-80a9a7f wd-width-100 elementor-widget elementor-widget-wd_title\" data-id=\"80a9a7f\" data-element_type=\"widget\" data-widget_type=\"wd_title.default\">\n\t\t\t\t<div class=\"elementor-widget-container\">\n\t\t\t\t\t\t\t<div class=\"title-wrapper wd-set-mb reset-last-child wd-title-color-default wd-title-style-default wd-title-size-default text-left\">\n\n\t\t\t\n\t\t\t<div class=\"liner-continer\">\n\t\t\t\t<h4 class=\"woodmart-title-container title wd-fontsize-l\">Hakk\u0131m\u0131zda<\/h4> \n\t\t\t\t\t\t\t<\/div>\n\n\t\t\t\t\t\t\t<div class=\"title-after_title reset-last-child wd-fontsize-xs\">\n\t\t\t\t\t<p>Big Sweet'e Ho\u015f Geldiniz: Vizyonun Yetenekle Bulu\u015ftu\u011fu Yer<\/p>\t\t\t\t<\/div>\n\t\t\t\t\t<\/div>\n\t\t\t\t\t\t<\/div>\n\t\t\t\t<\/div>\n\t\t\t\t<\/div>\n\t\t\t\t\t<\/div>\n\t\t\t\t<\/div>\n\t\t\t\t<\/div>\n\t\t<div class=\"elementor-element elementor-element-b5cb3f6 e-con-full e-flex e-con e-parent\" data-id=\"b5cb3f6\" data-element_type=\"container\">\n\t\t<div class=\"elementor-element elementor-element-ecee1b6 e-flex e-con-boxed e-con e-child\" data-id=\"ecee1b6\" data-element_type=\"container\">\n\t\t\t\t\t<div class=\"e-con-inner\">\n\t\t<div class=\"elementor-element elementor-element-715e608 e-con-full e-flex e-con e-child\" data-id=\"715e608\" data-element_type=\"container\">\n\t\t<div class=\"elementor-element elementor-element-aa35169 e-con-full e-flex e-con e-child\" data-id=\"aa35169\" data-element_type=\"container\">\n\t\t\t\t<div class=\"elementor-element elementor-element-2d7ab5d elementor-widget elementor-widget-wd_image_or_svg\" data-id=\"2d7ab5d\" data-element_type=\"widget\" data-widget_type=\"wd_image_or_svg.default\">\n\t\t\t\t<div class=\"elementor-widget-container\">\n\t\t\t\t\t\n\t\t<div class=\"wd-image text-right\">\n\t\t\t\t\t\t\t\t<img fetchpriority=\"high\" decoding=\"async\" width=\"467\" height=\"497\" src=\"https:\/\/bigsweet.org\/wp-content\/uploads\/2024\/04\/About-Us.png\" class=\"attachment-full size-full\" alt=\"\" \/>\t\t\t\t\t<\/div>\n\n\t\t\t\t\t\t<\/div>\n\t\t\t\t<\/div>\n\t\t\t\t<\/div>\n\t\t<div class=\"elementor-element elementor-element-0b55c8c e-con-full e-flex e-con e-child\" data-id=\"0b55c8c\" data-element_type=\"container\">\n\t\t\t\t<div class=\"elementor-element elementor-element-51e98d5 wd-width-100 elementor-widget elementor-widget-wd_title\" data-id=\"51e98d5\" data-element_type=\"widget\" data-widget_type=\"wd_title.default\">\n\t\t\t\t<div class=\"elementor-widget-container\">\n\t\t\t\t\t\t\t<div class=\"title-wrapper wd-set-mb reset-last-child wd-title-color-default wd-title-style-default wd-title-size-default text-left\">\n\n\t\t\t\n\t\t\t<div class=\"liner-continer\">\n\t\t\t\t<h4 class=\"woodmart-title-container title wd-fontsize-l\">Big Sweet CO.<\/h4> \n\t\t\t\t\t\t\t<\/div>\n\n\t\t\t\t\t<\/div>\n\t\t\t\t\t\t<\/div>\n\t\t\t\t<\/div>\n\t\t\t\t<div class=\"elementor-element elementor-element-b05c0a7 elementor-widget elementor-widget-wd_text_block\" data-id=\"b05c0a7\" data-element_type=\"widget\" data-widget_type=\"wd_text_block.default\">\n\t\t\t\t<div class=\"elementor-widget-container\">\n\t\t\t\t\t\t\t<div class=\"wd-text-block reset-last-child text-left\">\n\t\t\t\n\t\t\t<p>\u0130stanbul'un kalbinde yer alan Big Sweet, ithalat-ihracat alan\u0131nda \u00f6nde gelen orta\u011f\u0131n\u0131z olaca\u011f\u0131z. Uzmanl\u0131\u011f\u0131m\u0131z yaln\u0131zca d\u00fcnya \u00e7ap\u0131nda geni\u015f bir yelpazedeki \u00fcst d\u00fczey \u00fcr\u00fcnleri tedarik etmek ve tedarik etmek de\u011fil, ayn\u0131 zamanda benzersiz i\u015f gereksinimlerinize kusursuz bir \u015fekilde uyum sa\u011flayan \u00f6zel \u00e7\u00f6z\u00fcmler \u00fcretmektir. D\u00f6n\u00fc\u015ft\u00fcr\u00fcc\u00fc dijital pazarlama \u00e7\u00f6z\u00fcmlerinin \u00f6nde gelen adresi Big Sweet'e ho\u015f geldiniz. Misyonumuz, b\u00fcy\u00fcmeyi te\u015fvik etmek, g\u00f6r\u00fcn\u00fcrl\u00fc\u011f\u00fc art\u0131rmak ve hedef kitleleriyle anlaml\u0131 ba\u011flant\u0131lar olu\u015fturmak i\u00e7in en ileri stratejilerden yararlanarak markalar\u0131n dijital alanda tam potansiyellerine ula\u015fmalar\u0131na yard\u0131mc\u0131 olmakt\u0131r.<\/p>\n\t\t\t\t\t<\/div>\n\t\t\t\t\t\t<\/div>\n\t\t\t\t<\/div>\n\t\t\t\t<\/div>\n\t\t\t\t<\/div>\n\t\t\t\t\t<\/div>\n\t\t\t\t<\/div>\n\t\t\t\t<\/div>\n\t\t<div class=\"elementor-element elementor-element-f5eacb1 e-con-full e-flex e-con e-parent\" data-id=\"f5eacb1\" data-element_type=\"container\">\n\t\t<div class=\"elementor-element elementor-element-380ab6a e-flex e-con-boxed e-con e-child\" data-id=\"380ab6a\" data-element_type=\"container\">\n\t\t\t\t\t<div class=\"e-con-inner\">\n\t\t<div class=\"elementor-element elementor-element-d281525 e-con-full e-flex e-con e-child\" data-id=\"d281525\" data-element_type=\"container\">\n\t\t\t\t<div class=\"elementor-element elementor-element-84c7350 elementor-widget elementor-widget-wd_text_block\" data-id=\"84c7350\" data-element_type=\"widget\" data-widget_type=\"wd_text_block.default\">\n\t\t\t\t<div class=\"elementor-widget-container\">\n\t\t\t\t\t\t\t<div class=\"wd-text-block reset-last-child text-left color-title\">\n\t\t\t\n\t\t\t<p>\u0130THALAT-\u0130HRACAT<span style=\"font-size: 18px; text-align: var(--text-align); background-color: var(--wd-main-bgcolor); color: var(--wd-text-color);\"><\/span><\/p>\n\t\t\t\t\t<\/div>\n\t\t\t\t\t\t<\/div>\n\t\t\t\t<\/div>\n\t\t\t\t<div class=\"elementor-element elementor-element-3fcdf50 elementor-widget elementor-widget-wd_text_block\" data-id=\"3fcdf50\" data-element_type=\"widget\" data-widget_type=\"wd_text_block.default\">\n\t\t\t\t<div class=\"elementor-widget-container\">\n\t\t\t\t\t\t\t<div class=\"wd-text-block reset-last-child text-left\">\n\t\t\t\n\t\t\t<p>D\u00fcnya \u00e7ap\u0131nda en iyi \u00fcr\u00fcnleri tedarik etmekten gurur duyuyoruz ve yaln\u0131zca standartlar\u0131n\u0131z\u0131 kar\u015f\u0131layan en kaliteli \u00fcr\u00fcnleri alman\u0131z\u0131 sa\u011fl\u0131yoruz. M\u00fc\u015fterilerimizin \u00fcr\u00fcn gereksinimlerini anlamak i\u00e7in onlarla yak\u0131n i\u015fbirli\u011fi i\u00e7inde \u00e7al\u0131\u015f\u0131yoruz ve geni\u015f tedarik\u00e7i a\u011f\u0131m\u0131z sayesinde size bir\u00e7ok se\u00e7enek sunabiliyoruz. \u015eirketinizin benzersiz ihtiya\u00e7lar\u0131n\u0131 kar\u015f\u0131lamak i\u00e7in kaynak bulma ve tedarik zinciri hizmetleri ve \u00f6zelle\u015ftirilmi\u015f yakla\u015f\u0131mlar sa\u011fl\u0131yoruz. <br>Uzman ekibimiz, \u00fcr\u00fcn tasar\u0131m\u0131 ve paketlemeden lojistik ve da\u011f\u0131t\u0131ma kadar her konuda size yard\u0131mc\u0131 olabilir ve operasyonlar\u0131n\u0131z\u0131n sorunsuz ve verimli bir \u015fekilde ilerlemesini sa\u011flar. M\u00fc\u015fterilerimize ola\u011fan\u00fcst\u00fc hizmet ve destek sa\u011flamaya kararl\u0131y\u0131z.<span style=\"background-color: var(--wd-main-bgcolor); color: var(--wd-text-color); font-size: 18px; text-align: var(--text-align);\"><\/span><\/p>\n\t\t\t\t\t<\/div>\n\t\t\t\t\t\t<\/div>\n\t\t\t\t<\/div>\n\t\t\t\t<\/div>\n\t\t\t\t\t<\/div>\n\t\t\t\t<\/div>\n\t\t\t\t<\/div>\n\t\t<div class=\"elementor-element elementor-element-aba1a32 e-con-full wd-section-stretch e-flex e-con e-parent\" data-id=\"aba1a32\" data-element_type=\"container\" data-settings=\"{&quot;background_background&quot;:&quot;classic&quot;}\">\n\t\t<div class=\"elementor-element elementor-element-4d51457 e-flex e-con-boxed e-con e-child\" data-id=\"4d51457\" data-element_type=\"container\">\n\t\t\t\t\t<div class=\"e-con-inner\">\n\t\t<div class=\"elementor-element elementor-element-352277a e-con-full e-flex e-con e-child\" data-id=\"352277a\" data-element_type=\"container\">\n\t\t<div class=\"elementor-element elementor-element-67ea523 e-con-full e-flex e-con e-child\" data-id=\"67ea523\" data-element_type=\"container\">\n\t\t\t\t<div class=\"elementor-element elementor-element-938d190 elementor-widget elementor-widget-wd_image_or_svg\" data-id=\"938d190\" data-element_type=\"widget\" data-widget_type=\"wd_image_or_svg.default\">\n\t\t\t\t<div class=\"elementor-widget-container\">\n\t\t\t\t\t\n\t\t<div class=\"wd-image text-left\">\n\t\t\t\t\t\t\t\t<img decoding=\"async\" width=\"538\" height=\"400\" src=\"https:\/\/bigsweet.org\/wp-content\/uploads\/2024\/04\/Rectangle-39431.png\" class=\"attachment-full size-full\" alt=\"\" \/>\t\t\t\t\t<\/div>\n\n\t\t\t\t\t\t<\/div>\n\t\t\t\t<\/div>\n\t\t\t\t<\/div>\n\t\t<div class=\"elementor-element elementor-element-8a7501b e-con-full e-flex e-con e-child\" data-id=\"8a7501b\" data-element_type=\"container\">\n\t\t\t\t<div class=\"elementor-element elementor-element-dc03761 wd-width-100 elementor-widget elementor-widget-wd_title\" data-id=\"dc03761\" data-element_type=\"widget\" data-widget_type=\"wd_title.default\">\n\t\t\t\t<div class=\"elementor-widget-container\">\n\t\t\t\t\t\t\t<div class=\"title-wrapper wd-set-mb reset-last-child wd-title-color-default wd-title-style-default wd-title-size-default text-left\">\n\n\t\t\t\n\t\t\t<div class=\"liner-continer\">\n\t\t\t\t<h4 class=\"woodmart-title-container title wd-fontsize-l\">IT<\/h4> \n\t\t\t\t\t\t\t<\/div>\n\n\t\t\t\t\t<\/div>\n\t\t\t\t\t\t<\/div>\n\t\t\t\t<\/div>\n\t\t\t\t<div class=\"elementor-element elementor-element-a786fa3 elementor-widget elementor-widget-wd_text_block\" data-id=\"a786fa3\" data-element_type=\"widget\" data-widget_type=\"wd_text_block.default\">\n\t\t\t\t<div class=\"elementor-widget-container\">\n\t\t\t\t\t\t\t<div class=\"wd-text-block reset-last-child text-left\">\n\t\t\t\n\t\t\t<p>D\u00f6n\u00fc\u015ft\u00fcr\u00fcc\u00fc dijital pazarlama \u00e7\u00f6z\u00fcmlerinin \u00f6nde gelen adresi Big Sweet'e ho\u015f geldiniz. Misyonumuz, b\u00fcy\u00fcmeyi te\u015fvik etmek, g\u00f6r\u00fcn\u00fcrl\u00fc\u011f\u00fc art\u0131rmak ve hedef kitleleriyle anlaml\u0131 ba\u011flant\u0131lar olu\u015fturmak i\u00e7in en ileri stratejilerden yararlanarak markalar\u0131n dijital alanda tam potansiyellerine ula\u015fmalar\u0131na yard\u0131mc\u0131 olmakt\u0131r.<br>Big Sweet olarak dijital ortam\u0131n s\u00fcrekli geli\u015fti\u011finin bilincindeyiz, bu nedenle \u00e7a\u011f\u0131n ilerisinde kalmaya kararl\u0131y\u0131z. Uzmanlardan olu\u015fan ekibimiz, m\u00fc\u015fterilerimize dijital d\u00fcnyan\u0131n zorluklar\u0131n\u0131 ba\u015far\u0131yla a\u015fmalar\u0131nda rehberlik edecek \u00e7evikli\u011fe, yarat\u0131c\u0131l\u0131\u011fa ve bilgiye sahiptir.<\/p>\n\t\t\t\t\t<\/div>\n\t\t\t\t\t\t<\/div>\n\t\t\t\t<\/div>\n\t\t\t\t<\/div>\n\t\t\t\t<\/div>\n\t\t\t\t\t<\/div>\n\t\t\t\t<\/div>\n\t\t\t\t<\/div>\n\t\t<div class=\"elementor-element elementor-element-5585acc e-con-full e-flex e-con e-parent\" data-id=\"5585acc\" data-element_type=\"container\">\n\t\t<div class=\"elementor-element elementor-element-e4853df e-flex e-con-boxed e-con e-child\" data-id=\"e4853df\" data-element_type=\"container\">\n\t\t\t\t\t<div class=\"e-con-inner\">\n\t\t<div class=\"elementor-element elementor-element-48f6d7f e-con-full e-flex e-con e-child\" data-id=\"48f6d7f\" data-element_type=\"container\">\n\t\t\t\t<div class=\"elementor-element elementor-element-df0004e elementor-widget elementor-widget-wd_text_block\" data-id=\"df0004e\" data-element_type=\"widget\" data-widget_type=\"wd_text_block.default\">\n\t\t\t\t<div class=\"elementor-widget-container\">\n\t\t\t\t\t\t\t<div class=\"wd-text-block reset-last-child text-left\">\n\t\t\t\n\t\t\t<p>Yolculu\u011fumuz, i\u015fletmelerin dijital ortam\u0131 anlayabilen ve zorluklar\u0131n \u00fcstesinden gelebilecek \u00e7evikli\u011fe ve yarat\u0131c\u0131l\u0131\u011fa sahip bir orta\u011fa ihtiya\u00e7 duydu\u011fu inanc\u0131yla ba\u015flad\u0131. Big Sweet, uzmanl\u0131\u011f\u0131, yenilik\u00e7ili\u011fi ve dijital m\u00fckemmelli\u011fe olan derin tutkuyu birle\u015ftiren bu ortak olarak ortaya \u00e7\u0131kt\u0131. M\u00fc\u015fterilerimizin her birinin benzersiz ihtiya\u00e7lar\u0131na g\u00f6re \u00f6zelle\u015ftirilmi\u015f \u00e7\u00f6z\u00fcmler geli\u015ftirmeye inan\u0131yoruz.<br>Big Sweet'te dijital pazarlamaya olan tutkumuz, yaln\u0131zca ola\u011fan\u00fcst\u00fc m\u00fc\u015fteri hizmetleri sunmaya olan sars\u0131lmaz ba\u011fl\u0131l\u0131\u011f\u0131m\u0131zla e\u015fle\u015fiyor. Ger\u00e7ek ba\u015far\u0131n\u0131n, m\u00fc\u015fterilerimizin hedeflerini anlamak ve onlarla yolun her ad\u0131m\u0131nda i\u015fbirli\u011fi yapmak oldu\u011funa inan\u0131yoruz. Uzman ekibimiz, \u00fcr\u00fcn tasar\u0131m\u0131 ve paketlemeden lojistik ve da\u011f\u0131t\u0131ma kadar her konuda size yard\u0131mc\u0131 olabilir ve operasyonlar\u0131n\u0131z\u0131n sorunsuz ve verimli bir \u015fekilde ilerlemesini sa\u011flayabilir. M\u00fc\u015fterilerimize ola\u011fan\u00fcst\u00fc hizmet ve destek sa\u011flamaya kararl\u0131y\u0131z.<\/p>\n\t\t\t\t\t<\/div>\n\t\t\t\t\t\t<\/div>\n\t\t\t\t<\/div>\n\t\t\t\t<\/div>\n\t\t\t\t\t<\/div>\n\t\t\t\t<\/div>\n\t\t\t\t<\/div>\n\t\t<div class=\"elementor-element elementor-element-0f2138b e-con-full e-flex e-con e-parent\" data-id=\"0f2138b\" data-element_type=\"container\">\n\t\t<div class=\"elementor-element elementor-element-d19be9c e-flex e-con-boxed e-con e-child\" data-id=\"d19be9c\" data-element_type=\"container\">\n\t\t\t\t\t<div class=\"e-con-inner\">\n\t\t<div class=\"elementor-element elementor-element-903a129 e-con-full e-flex e-con e-child\" data-id=\"903a129\" data-element_type=\"container\">\n\t\t<div class=\"elementor-element elementor-element-a8755bd e-con-full e-flex e-con e-child\" data-id=\"a8755bd\" data-element_type=\"container\" data-settings=\"{&quot;background_background&quot;:&quot;classic&quot;}\">\n\t\t\t\t<\/div>\n\t\t<div class=\"elementor-element elementor-element-3b7d020 e-con-full e-flex e-con e-child\" data-id=\"3b7d020\" data-element_type=\"container\">\n\t\t\t\t<div class=\"elementor-element elementor-element-e0dd70e wd-width-100 elementor-widget elementor-widget-wd_title\" data-id=\"e0dd70e\" data-element_type=\"widget\" data-widget_type=\"wd_title.default\">\n\t\t\t\t<div class=\"elementor-widget-container\">\n\t\t\t\t\t\t\t<div class=\"title-wrapper wd-set-mb reset-last-child wd-title-color-default wd-title-style-default wd-title-size-default text-left\">\n\n\t\t\t\n\t\t\t<div class=\"liner-continer\">\n\t\t\t\t<h4 class=\"woodmart-title-container title wd-fontsize-l\">\u0130thalat &amp; \u0130hracat Hizmetlerimiz<\/h4> \n\t\t\t\t\t\t\t<\/div>\n\n\t\t\t\t\t<\/div>\n\t\t\t\t\t\t<\/div>\n\t\t\t\t<\/div>\n\t\t\t\t<div class=\"elementor-element elementor-element-9112849 elementor-widget elementor-widget-wd_text_block\" data-id=\"9112849\" data-element_type=\"widget\" data-widget_type=\"wd_text_block.default\">\n\t\t\t\t<div class=\"elementor-widget-container\">\n\t\t\t\t\t\t\t<div class=\"wd-text-block reset-last-child text-left\">\n\t\t\t\n\t\t\t<p>\u0130\u015fe yakla\u015f\u0131m\u0131m\u0131z basit i\u015flemlerin \u00e7ok \u00f6tesine ge\u00e7iyor. De\u011ferlerimiz, m\u00fc\u015fterilerimizle uzun s\u00fcreli ortakl\u0131klar yaratmaya ve geli\u015ftirmeye odaklanm\u0131\u015ft\u0131r. Bizimle olan her etkile\u015fim, i\u015finize kal\u0131c\u0131 de\u011fer katmak i\u00e7in tasarlanm\u0131\u015ft\u0131r. B\u00fcy\u00fcmenize ve ba\u015far\u0131n\u0131za adanm\u0131\u015f yolculu\u011funuzun ayr\u0131lmaz bir par\u00e7as\u0131y\u0131z. \u0130\u015fbirlik\u00e7i yakla\u015f\u0131m\u0131m\u0131z, birlikte att\u0131\u011f\u0131m\u0131z her ad\u0131m\u0131n stratejik hedeflerinizi kar\u015f\u0131lamas\u0131n\u0131 ve zenginle\u015ftirmesini sa\u011flayarak, her i\u015f f\u0131rsat\u0131n\u0131 kal\u0131c\u0131 ba\u015far\u0131 ve kar\u015f\u0131l\u0131kl\u0131 b\u00fcy\u00fcme i\u00e7in bir d\u00f6n\u00fcm noktas\u0131na d\u00f6n\u00fc\u015ft\u00fcr\u00fcr. Big Sweet ile sadece bir m\u00fc\u015fteri de\u011fil ayn\u0131 zamanda ekibimizin de\u011ferli bir \u00fcyesisiniz.<br>Big Sweet'i k\u00fcresel ticaret hedeflerinizin arkas\u0131ndaki itici g\u00fc\u00e7 olarak benimseyin. Uzmanl\u0131\u011f\u0131m\u0131z sadece bir hizmet de\u011fil, ayn\u0131 zamanda i\u015fletmenizi uluslararas\u0131 pazara g\u00fcvenle ve ustal\u0131kla ta\u015f\u0131yan g\u00fc\u00e7l\u00fc bir kataliz\u00f6rd\u00fcr. Bizimle ortak olun ve maksimum verimlilik ve k\u00e2rl\u0131l\u0131k i\u00e7in kaynak kullan\u0131m\u0131 ve tedarik zincirinizin her y\u00f6n\u00fcn\u00fcn ustal\u0131kla y\u00f6netilmesi gereken f\u0131rsatlar\u0131n kilidini a\u00e7\u0131n. Big Sweet ile yaln\u0131zca k\u00fcresel ticarete y\u00f6n vermiyorsunuz; bu konuda uzmanla\u015f\u0131yorsunuz ve i\u015fletmenizin yeni ba\u015far\u0131 zirvelerine ula\u015fmas\u0131n\u0131 sa\u011fl\u0131yorsunuz.<\/p>\n\t\t\t\t\t<\/div>\n\t\t\t\t\t\t<\/div>\n\t\t\t\t<\/div>\n\t\t\t\t<\/div>\n\t\t\t\t<\/div>\n\t\t\t\t\t<\/div>\n\t\t\t\t<\/div>\n\t\t\t\t<\/div>\n\t\t\t\t<\/div>\n\t\t","protected":false},"excerpt":{"rendered":"<p>Home Hakk\u0131m\u0131zda Big Sweet&#8217;e Ho\u015f Geldiniz: Vizyonun Yetenekle Bulu\u015ftu\u011fu Yer Big Sweet CO. \u0130stanbul&#8217;un kalbinde yer alan Big Sweet, ithalat-ihracat<\/p>\n","protected":false},"author":1,"featured_media":0,"parent":0,"menu_order":0,"comment_status":"closed","ping_status":"closed","template":"","meta":{"_uf_show_specific_survey":0,"_uf_disable_surveys":false,"footnotes":""},"_links":{"self":[{"href":"https:\/\/bigsweet.org\/tr\/wp-json\/wp\/v2\/pages\/2045"}],"collection":[{"href":"https:\/\/bigsweet.org\/tr\/wp-json\/wp\/v2\/pages"}],"about":[{"href":"https:\/\/bigsweet.org\/tr\/wp-json\/wp\/v2\/types\/page"}],"author":[{"embeddable":true,"href":"https:\/\/bigsweet.org\/tr\/wp-json\/wp\/v2\/users\/1"}],"replies":[{"embeddable":true,"href":"https:\/\/bigsweet.org\/tr\/wp-json\/wp\/v2\/comments?post=2045"}],"version-history":[{"count":5,"href":"https:\/\/bigsweet.org\/tr\/wp-json\/wp\/v2\/pages\/2045\/revisions"}],"predecessor-version":[{"id":2135,"href":"https:\/\/bigsweet.org\/tr\/wp-json\/wp\/v2\/pages\/2045\/revisions\/2135"}],"wp:attachment":[{"href":"https:\/\/bigsweet.org\/tr\/wp-json\/wp\/v2\/media?parent=2045"}],"curies":[{"name":"wp","href":"https:\/\/api.w.org\/{rel}","templated":true}]}}